{"id":38058,"date":"2024-09-17T14:36:29","date_gmt":"2024-09-17T12:36:29","guid":{"rendered":"https:\/\/kinesi.es\/accessibilitat\/"},"modified":"2024-10-10T16:18:12","modified_gmt":"2024-10-10T14:18:12","slug":"accessibilitat","status":"publish","type":"page","link":"https:\/\/kinesi.es\/ca\/accessibilitat\/","title":{"rendered":"Accessibilitat"},"content":{"rendered":"\t\t<div data-elementor-type=\"wp-page\" data-elementor-id=\"38058\" class=\"elementor elementor-38058 elementor-37318\">\n\t\t\t\t\t\t<section class=\"elementor-section elementor-top-section elementor-element elementor-element-f01606a elementor-section-boxed elementor-section-height-default elementor-section-height-default sc_fly_static\" data-id=\"f01606a\" data-element_type=\"section\">\n\t\t\t\t\t\t<div class=\"elementor-container elementor-column-gap-extended\">\n\t\t\t\t\t<div class=\"elementor-column elementor-col-100 elementor-top-column elementor-element elementor-element-aa04b92 sc_inner_width_none sc_content_align_inherit sc_layouts_column_icons_position_left sc_fly_static\" data-id=\"aa04b92\" data-element_type=\"column\">\n\t\t\t<div class=\"elementor-widget-wrap elementor-element-populated\">\n\t\t\t\t\t\t<div class=\"elementor-element elementor-element-55c3484 sc_fly_static elementor-widget elementor-widget-text-editor\" data-id=\"55c3484\" data-element_type=\"widget\" data-widget_type=\"text-editor.default\">\n\t\t\t\t<div class=\"elementor-widget-container\">\n\t\t\t\t\t\t\t<div>\n<h2>Llei dels serveis de la societat de la informaci\u00f3 (LSSI)<\/h2>\n<\/div>\n<div>\n<div>\n<p>Idearium 3.0 SL s&#8217;ha comprom\u00e8s a fer accessible aquest web de conformitat amb el Reial decret 1112\/2018, de 7 de setembre, sobre accessibilitat dels llocs web i aplicacions de dispositius m\u00f2bils.<\/p>\n<h2>Situaci\u00f3 de compliment<\/h2>\n<p>Aquest lloc web \u00e9s parcialment accessible d&#8217;acord amb el RD 1112\/2018 de 7 de setembre, degut a les excepcions ia la manca de conformitat dels aspectes que s&#8217;indiquen a continuaci\u00f3.<\/p>\n<h2>Contingut accessible<\/h2>\n<p>Totes les p\u00e0gines d\u00b4aquesta web s\u00f3n accessibles<\/p>\n<h2>Preparaci\u00f3 d&#8217;aquesta declaraci\u00f3 d&#8217;accessibilitat<\/h2>\n<p>Aquesta declaraci\u00f3 va ser preparada el 17 de setembre de 2024.<\/p>\n<p>El m\u00e8tode emprat per preparar la declaraci\u00f3 ha estat una autoavaluaci\u00f3 duta a terme pel mateix organisme.<\/p>\n<p>\u00daltima revisi\u00f3 de la declaraci\u00f3: 17 de&nbsp; <span style=\"font-family: \"DM Sans\", sans-serif; font-size: 17px; font-style: normal; font-weight: 400;\">setembre<\/span>&nbsp; del 2024.<\/p>\n<h2>Observacions i dades de contacte<\/h2>\n<p>Podeu realitzar comunicacions sobre requisits d&#8217;accessibilitat (article 10.2.a) del Reial decret 1112\/2018, de 7 de setembre com, per exemple:<\/p>\n<ul>\n<li>Informar sobre qualsevol possible incompliment per part daquest lloc web.<\/li>\n<li>Transmetre altres dificultats dacc\u00e9s al contingut.<\/li>\n<li>Formular qualsevol altra consulta o suggeriment de millora relativa a laccessibilitat del lloc web.<\/li>\n<\/ul>\n<p>A trav\u00e9s de les vies seg\u00fcents:<\/p>\n<ul>\n<li><a href=\"https:\/\/kinesi.es\/contacto\/\">P\u00e0gina de contacte de la web<\/a><\/li>\n<\/ul>\n<\/div>\n<\/div>\t\t\t\t\t\t<\/div>\n\t\t\t\t<\/div>\n\t\t\t\t\t<\/div>\n\t\t<\/div>\n\t\t\t\t\t<\/div>\n\t\t<\/section>\n\t\t\t\t<\/div>\n\t\t","protected":false},"excerpt":{"rendered":"<p>Llei dels serveis de la societat de la informaci\u00f3 (LSSI) Idearium 3.0 SL s&#8217;ha comprom\u00e8s a fer accessible aquest web de conformitat amb el Reial decret 1112\/2018, de 7 de&hellip;<\/p>\n","protected":false},"author":1,"featured_media":0,"parent":0,"menu_order":0,"comment_status":"closed","ping_status":"closed","template":"","meta":{"footnotes":""},"class_list":["post-38058","page","type-page","status-publish","hentry"],"_links":{"self":[{"href":"https:\/\/kinesi.es\/ca\/wp-json\/wp\/v2\/pages\/38058","targetHints":{"allow":["GET"]}}],"collection":[{"href":"https:\/\/kinesi.es\/ca\/wp-json\/wp\/v2\/pages"}],"about":[{"href":"https:\/\/kinesi.es\/ca\/wp-json\/wp\/v2\/types\/page"}],"author":[{"embeddable":true,"href":"https:\/\/kinesi.es\/ca\/wp-json\/wp\/v2\/users\/1"}],"replies":[{"embeddable":true,"href":"https:\/\/kinesi.es\/ca\/wp-json\/wp\/v2\/comments?post=38058"}],"version-history":[{"count":1,"href":"https:\/\/kinesi.es\/ca\/wp-json\/wp\/v2\/pages\/38058\/revisions"}],"predecessor-version":[{"id":38059,"href":"https:\/\/kinesi.es\/ca\/wp-json\/wp\/v2\/pages\/38058\/revisions\/38059"}],"wp:attachment":[{"href":"https:\/\/kinesi.es\/ca\/wp-json\/wp\/v2\/media?parent=38058"}],"curies":[{"name":"wp","href":"https:\/\/api.w.org\/{rel}","templated":true}]}}